{"id":1256,"date":"2026-03-10T11:09:23","date_gmt":"2026-03-10T11:09:23","guid":{"rendered":"https:\/\/startuplions.fi\/ryejoy\/"},"modified":"2026-03-10T11:09:23","modified_gmt":"2026-03-10T11:09:23","slug":"ryejoy","status":"publish","type":"page","link":"https:\/\/startuplions.fi\/sv\/ryejoy\/","title":{"rendered":"RyeJoy"},"content":{"rendered":"","protected":false},"excerpt":{"rendered":"","protected":false},"author":1,"featured_media":1211,"parent":0,"menu_order":0,"comment_status":"closed","ping_status":"closed","template":"","meta":{"footnotes":""},"class_list":["post-1256","page","type-page","status-publish","has-post-thumbnail","hentry"],"yoast_head":"<!-- This site is optimized with the Yoast SEO plugin v27.5 - https:\/\/yoast.com\/product\/yoast-seo-wordpress\/ -->\n<title>RyeJoy - Startup Lions<\/title>\n<meta name=\"description\" content=\"Den innovativa produkten f\u00f6renar finl\u00e4ndsk r\u00e5g med en modern smakv\u00e4rld och svarar mot den v\u00e4xande efterfr\u00e5gan p\u00e5 h\u00e4lsosammare snacksalternativ.\" \/>\n<meta name=\"robots\" content=\"index, follow, max-snippet:-1, max-image-preview:large, max-video-preview:-1\" \/>\n<link rel=\"canonical\" href=\"https:\/\/startuplions.fi\/sv\/ryejoy\/\" \/>\n<meta property=\"og:locale\" content=\"sv_SE\" \/>\n<meta property=\"og:type\" content=\"article\" \/>\n<meta property=\"og:title\" content=\"RyeJoy - Startup Lions\" \/>\n<meta property=\"og:description\" content=\"Den innovativa produkten f\u00f6renar finl\u00e4ndsk r\u00e5g med en modern smakv\u00e4rld och svarar mot den v\u00e4xande efterfr\u00e5gan p\u00e5 h\u00e4lsosammare snacksalternativ.\" \/>\n<meta property=\"og:url\" content=\"https:\/\/startuplions.fi\/sv\/ryejoy\/\" \/>\n<meta property=\"og:site_name\" content=\"Startup Lions\" \/>\n<meta property=\"og:image\" content=\"https:\/\/startuplions.fi\/wp-content\/uploads\/2026\/03\/ryejoy.jpg\" \/>\n\t<meta property=\"og:image:width\" content=\"1920\" \/>\n\t<meta property=\"og:image:height\" content=\"1080\" \/>\n\t<meta property=\"og:image:type\" content=\"image\/jpeg\" \/>\n<meta name=\"twitter:card\" content=\"summary_large_image\" \/>\n<script type=\"application\/ld+json\" class=\"yoast-schema-graph\">{\"@context\":\"https:\\\/\\\/schema.org\",\"@graph\":[{\"@type\":\"WebPage\",\"@id\":\"https:\\\/\\\/startuplions.fi\\\/sv\\\/ryejoy\\\/\",\"url\":\"https:\\\/\\\/startuplions.fi\\\/sv\\\/ryejoy\\\/\",\"name\":\"RyeJoy - Startup Lions\",\"isPartOf\":{\"@id\":\"https:\\\/\\\/startuplions.fi\\\/#website\"},\"primaryImageOfPage\":{\"@id\":\"https:\\\/\\\/startuplions.fi\\\/sv\\\/ryejoy\\\/#primaryimage\"},\"image\":{\"@id\":\"https:\\\/\\\/startuplions.fi\\\/sv\\\/ryejoy\\\/#primaryimage\"},\"thumbnailUrl\":\"https:\\\/\\\/startuplions.fi\\\/wp-content\\\/uploads\\\/2026\\\/03\\\/ryejoy.jpg\",\"datePublished\":\"2026-03-10T11:09:23+00:00\",\"description\":\"Den innovativa produkten f\u00f6renar finl\u00e4ndsk r\u00e5g med en modern smakv\u00e4rld och svarar mot den v\u00e4xande efterfr\u00e5gan p\u00e5 h\u00e4lsosammare snacksalternativ.\",\"breadcrumb\":{\"@id\":\"https:\\\/\\\/startuplions.fi\\\/sv\\\/ryejoy\\\/#breadcrumb\"},\"inLanguage\":\"sv-SE\",\"potentialAction\":[{\"@type\":\"ReadAction\",\"target\":[\"https:\\\/\\\/startuplions.fi\\\/sv\\\/ryejoy\\\/\"]}]},{\"@type\":\"ImageObject\",\"inLanguage\":\"sv-SE\",\"@id\":\"https:\\\/\\\/startuplions.fi\\\/sv\\\/ryejoy\\\/#primaryimage\",\"url\":\"https:\\\/\\\/startuplions.fi\\\/wp-content\\\/uploads\\\/2026\\\/03\\\/ryejoy.jpg\",\"contentUrl\":\"https:\\\/\\\/startuplions.fi\\\/wp-content\\\/uploads\\\/2026\\\/03\\\/ryejoy.jpg\",\"width\":1920,\"height\":1080},{\"@type\":\"BreadcrumbList\",\"@id\":\"https:\\\/\\\/startuplions.fi\\\/sv\\\/ryejoy\\\/#breadcrumb\",\"itemListElement\":[{\"@type\":\"ListItem\",\"position\":1,\"name\":\"Etusivu\",\"item\":\"https:\\\/\\\/startuplions.fi\\\/sv\\\/\"},{\"@type\":\"ListItem\",\"position\":2,\"name\":\"RyeJoy\"}]},{\"@type\":\"WebSite\",\"@id\":\"https:\\\/\\\/startuplions.fi\\\/#website\",\"url\":\"https:\\\/\\\/startuplions.fi\\\/\",\"name\":\"Startup Lions\",\"description\":\"Tukea startup-yritysten kasvuun\",\"potentialAction\":[{\"@type\":\"SearchAction\",\"target\":{\"@type\":\"EntryPoint\",\"urlTemplate\":\"https:\\\/\\\/startuplions.fi\\\/?s={search_term_string}\"},\"query-input\":{\"@type\":\"PropertyValueSpecification\",\"valueRequired\":true,\"valueName\":\"search_term_string\"}}],\"inLanguage\":\"sv-SE\"}]}<\/script>\n<!-- \/ Yoast SEO plugin. -->","yoast_head_json":{"title":"RyeJoy - Startup Lions","description":"Den innovativa produkten f\u00f6renar finl\u00e4ndsk r\u00e5g med en modern smakv\u00e4rld och svarar mot den v\u00e4xande efterfr\u00e5gan p\u00e5 h\u00e4lsosammare snacksalternativ.","robots":{"index":"index","follow":"follow","max-snippet":"max-snippet:-1","max-image-preview":"max-image-preview:large","max-video-preview":"max-video-preview:-1"},"canonical":"https:\/\/startuplions.fi\/sv\/ryejoy\/","og_locale":"sv_SE","og_type":"article","og_title":"RyeJoy - Startup Lions","og_description":"Den innovativa produkten f\u00f6renar finl\u00e4ndsk r\u00e5g med en modern smakv\u00e4rld och svarar mot den v\u00e4xande efterfr\u00e5gan p\u00e5 h\u00e4lsosammare snacksalternativ.","og_url":"https:\/\/startuplions.fi\/sv\/ryejoy\/","og_site_name":"Startup Lions","og_image":[{"width":1920,"height":1080,"url":"https:\/\/startuplions.fi\/wp-content\/uploads\/2026\/03\/ryejoy.jpg","type":"image\/jpeg"}],"twitter_card":"summary_large_image","schema":{"@context":"https:\/\/schema.org","@graph":[{"@type":"WebPage","@id":"https:\/\/startuplions.fi\/sv\/ryejoy\/","url":"https:\/\/startuplions.fi\/sv\/ryejoy\/","name":"RyeJoy - Startup Lions","isPartOf":{"@id":"https:\/\/startuplions.fi\/#website"},"primaryImageOfPage":{"@id":"https:\/\/startuplions.fi\/sv\/ryejoy\/#primaryimage"},"image":{"@id":"https:\/\/startuplions.fi\/sv\/ryejoy\/#primaryimage"},"thumbnailUrl":"https:\/\/startuplions.fi\/wp-content\/uploads\/2026\/03\/ryejoy.jpg","datePublished":"2026-03-10T11:09:23+00:00","description":"Den innovativa produkten f\u00f6renar finl\u00e4ndsk r\u00e5g med en modern smakv\u00e4rld och svarar mot den v\u00e4xande efterfr\u00e5gan p\u00e5 h\u00e4lsosammare snacksalternativ.","breadcrumb":{"@id":"https:\/\/startuplions.fi\/sv\/ryejoy\/#breadcrumb"},"inLanguage":"sv-SE","potentialAction":[{"@type":"ReadAction","target":["https:\/\/startuplions.fi\/sv\/ryejoy\/"]}]},{"@type":"ImageObject","inLanguage":"sv-SE","@id":"https:\/\/startuplions.fi\/sv\/ryejoy\/#primaryimage","url":"https:\/\/startuplions.fi\/wp-content\/uploads\/2026\/03\/ryejoy.jpg","contentUrl":"https:\/\/startuplions.fi\/wp-content\/uploads\/2026\/03\/ryejoy.jpg","width":1920,"height":1080},{"@type":"BreadcrumbList","@id":"https:\/\/startuplions.fi\/sv\/ryejoy\/#breadcrumb","itemListElement":[{"@type":"ListItem","position":1,"name":"Etusivu","item":"https:\/\/startuplions.fi\/sv\/"},{"@type":"ListItem","position":2,"name":"RyeJoy"}]},{"@type":"WebSite","@id":"https:\/\/startuplions.fi\/#website","url":"https:\/\/startuplions.fi\/","name":"Startup Lions","description":"Tukea startup-yritysten kasvuun","potentialAction":[{"@type":"SearchAction","target":{"@type":"EntryPoint","urlTemplate":"https:\/\/startuplions.fi\/?s={search_term_string}"},"query-input":{"@type":"PropertyValueSpecification","valueRequired":true,"valueName":"search_term_string"}}],"inLanguage":"sv-SE"}]}},"_links":{"self":[{"href":"https:\/\/startuplions.fi\/sv\/wp-json\/wp\/v2\/pages\/1256","targetHints":{"allow":["GET"]}}],"collection":[{"href":"https:\/\/startuplions.fi\/sv\/wp-json\/wp\/v2\/pages"}],"about":[{"href":"https:\/\/startuplions.fi\/sv\/wp-json\/wp\/v2\/types\/page"}],"author":[{"embeddable":true,"href":"https:\/\/startuplions.fi\/sv\/wp-json\/wp\/v2\/users\/1"}],"replies":[{"embeddable":true,"href":"https:\/\/startuplions.fi\/sv\/wp-json\/wp\/v2\/comments?post=1256"}],"version-history":[{"count":0,"href":"https:\/\/startuplions.fi\/sv\/wp-json\/wp\/v2\/pages\/1256\/revisions"}],"wp:featuredmedia":[{"embeddable":true,"href":"https:\/\/startuplions.fi\/sv\/wp-json\/wp\/v2\/media\/1211"}],"wp:attachment":[{"href":"https:\/\/startuplions.fi\/sv\/wp-json\/wp\/v2\/media?parent=1256"}],"curies":[{"name":"wp","href":"https:\/\/api.w.org\/{rel}","templated":true}]}}